{"id":13535,"date":"2025-07-17T10:48:58","date_gmt":"2025-07-17T10:48:58","guid":{"rendered":"https:\/\/dinteriors.cat\/shop\/sin%20categor\u00eda\/sofa-berlin\/"},"modified":"2025-07-17T10:51:10","modified_gmt":"2025-07-17T10:51:10","slug":"sofa-berlin","status":"publish","type":"product","link":"https:\/\/dinteriors.cat\/es\/shop\/dsofas-es\/sofas-es\/sofa-berlin\/","title":{"rendered":"SOF\u00c1 BERLIN"},"content":{"rendered":"<p>Sof\u00e1 con motor relax. Noeu dise\u00f1o de respaldo ideal pear la zona lumbar y cervical. Diferentes tapizados i medidas pera elegir.<\/p>\n","protected":false},"excerpt":{"rendered":"<p>Sof\u00e1 con motor relax. Noeu dise\u00f1o de respaldo ideal pear la zona lumbar y cervical. Diferentes tapizados i medidas pera elegir.<\/p>\n","protected":false},"featured_media":13534,"template":"","meta":[],"product_brand":[],"product_cat":[59],"product_tag":[],"class_list":{"0":"post-13535","1":"product","2":"type-product","3":"status-publish","4":"has-post-thumbnail","6":"product_cat-sofas-es","8":"first","9":"instock","10":"shipping-taxable","11":"product-type-simple"},"aioseo_notices":[],"_links":{"self":[{"href":"https:\/\/dinteriors.cat\/es\/wp-json\/wp\/v2\/product\/13535","targetHints":{"allow":["GET"]}}],"collection":[{"href":"https:\/\/dinteriors.cat\/es\/wp-json\/wp\/v2\/product"}],"about":[{"href":"https:\/\/dinteriors.cat\/es\/wp-json\/wp\/v2\/types\/product"}],"wp:featuredmedia":[{"embeddable":true,"href":"https:\/\/dinteriors.cat\/es\/wp-json\/wp\/v2\/media\/13534"}],"wp:attachment":[{"href":"https:\/\/dinteriors.cat\/es\/wp-json\/wp\/v2\/media?parent=13535"}],"wp:term":[{"taxonomy":"product_brand","embeddable":true,"href":"https:\/\/dinteriors.cat\/es\/wp-json\/wp\/v2\/product_brand?post=13535"},{"taxonomy":"product_cat","embeddable":true,"href":"https:\/\/dinteriors.cat\/es\/wp-json\/wp\/v2\/product_cat?post=13535"},{"taxonomy":"product_tag","embeddable":true,"href":"https:\/\/dinteriors.cat\/es\/wp-json\/wp\/v2\/product_tag?post=13535"}],"curies":[{"name":"wp","href":"https:\/\/api.w.org\/{rel}","templated":true}]}}