{"id":13529,"date":"2025-07-17T10:43:19","date_gmt":"2025-07-17T10:43:19","guid":{"rendered":"https:\/\/dinteriors.cat\/shop\/sin%20categor\u00eda\/sillo-naty\/"},"modified":"2025-07-17T10:45:10","modified_gmt":"2025-07-17T10:45:10","slug":"sillon-naty","status":"publish","type":"product","link":"https:\/\/dinteriors.cat\/es\/shop\/dsofas-es\/butacas-es\/sillon-naty\/","title":{"rendered":"Sill\u00f3n NATY"},"content":{"rendered":"<p>Sill\u00f3n con resaldo alto, c\u00f3modo y elegante. Diferentes tapizados.<\/p>\n","protected":false},"excerpt":{"rendered":"<p>Sill\u00f3n con resaldo alto, c\u00f3modo y elegante. Diferentes tapizados.<\/p>\n","protected":false},"featured_media":13528,"template":"","meta":[],"product_brand":[],"product_cat":[62],"product_tag":[],"class_list":{"0":"post-13529","1":"product","2":"type-product","3":"status-publish","4":"has-post-thumbnail","6":"product_cat-butacas-es","8":"first","9":"instock","10":"shipping-taxable","11":"product-type-simple"},"aioseo_notices":[],"_links":{"self":[{"href":"https:\/\/dinteriors.cat\/es\/wp-json\/wp\/v2\/product\/13529","targetHints":{"allow":["GET"]}}],"collection":[{"href":"https:\/\/dinteriors.cat\/es\/wp-json\/wp\/v2\/product"}],"about":[{"href":"https:\/\/dinteriors.cat\/es\/wp-json\/wp\/v2\/types\/product"}],"wp:featuredmedia":[{"embeddable":true,"href":"https:\/\/dinteriors.cat\/es\/wp-json\/wp\/v2\/media\/13528"}],"wp:attachment":[{"href":"https:\/\/dinteriors.cat\/es\/wp-json\/wp\/v2\/media?parent=13529"}],"wp:term":[{"taxonomy":"product_brand","embeddable":true,"href":"https:\/\/dinteriors.cat\/es\/wp-json\/wp\/v2\/product_brand?post=13529"},{"taxonomy":"product_cat","embeddable":true,"href":"https:\/\/dinteriors.cat\/es\/wp-json\/wp\/v2\/product_cat?post=13529"},{"taxonomy":"product_tag","embeddable":true,"href":"https:\/\/dinteriors.cat\/es\/wp-json\/wp\/v2\/product_tag?post=13529"}],"curies":[{"name":"wp","href":"https:\/\/api.w.org\/{rel}","templated":true}]}}