{"id":13523,"date":"2025-07-17T10:22:05","date_gmt":"2025-07-17T10:22:05","guid":{"rendered":"https:\/\/dinteriors.cat\/shop\/sin%20categor\u00eda\/sofa-llit-london\/"},"modified":"2025-07-17T10:25:51","modified_gmt":"2025-07-17T10:25:51","slug":"sofa-cama-london","status":"publish","type":"product","link":"https:\/\/dinteriors.cat\/es\/shop\/dsofas-es\/sofas-cama-es\/sofa-cama-london\/","title":{"rendered":"Sof\u00e1 camaLONDON"},"content":{"rendered":"<p>Sof\u00e1 cama con sistema de apertura italiano. Diferentes medidas y tapizados. Colch\u00f3n de HR y viscoel\u00e1stica.Permite adaptarse a cualquier espacio gracias  a sus  l\u00edneas fines.<\/p>\n","protected":false},"excerpt":{"rendered":"<p>Sof\u00e1 cama con sistema de apertura italiano. Diferentes medidas y tapizados. Colch\u00f3n de HR y viscoel\u00e1stica.Permite adaptarse a cualquier espacio gracias a sus l\u00edneas fines.<\/p>\n","protected":false},"featured_media":13522,"template":"","meta":[],"product_brand":[],"product_cat":[61],"product_tag":[],"class_list":{"0":"post-13523","1":"product","2":"type-product","3":"status-publish","4":"has-post-thumbnail","6":"product_cat-sofas-cama-es","8":"first","9":"instock","10":"shipping-taxable","11":"product-type-simple"},"aioseo_notices":[],"_links":{"self":[{"href":"https:\/\/dinteriors.cat\/es\/wp-json\/wp\/v2\/product\/13523","targetHints":{"allow":["GET"]}}],"collection":[{"href":"https:\/\/dinteriors.cat\/es\/wp-json\/wp\/v2\/product"}],"about":[{"href":"https:\/\/dinteriors.cat\/es\/wp-json\/wp\/v2\/types\/product"}],"wp:featuredmedia":[{"embeddable":true,"href":"https:\/\/dinteriors.cat\/es\/wp-json\/wp\/v2\/media\/13522"}],"wp:attachment":[{"href":"https:\/\/dinteriors.cat\/es\/wp-json\/wp\/v2\/media?parent=13523"}],"wp:term":[{"taxonomy":"product_brand","embeddable":true,"href":"https:\/\/dinteriors.cat\/es\/wp-json\/wp\/v2\/product_brand?post=13523"},{"taxonomy":"product_cat","embeddable":true,"href":"https:\/\/dinteriors.cat\/es\/wp-json\/wp\/v2\/product_cat?post=13523"},{"taxonomy":"product_tag","embeddable":true,"href":"https:\/\/dinteriors.cat\/es\/wp-json\/wp\/v2\/product_tag?post=13523"}],"curies":[{"name":"wp","href":"https:\/\/api.w.org\/{rel}","templated":true}]}}