{"id":13503,"date":"2025-07-16T15:16:38","date_gmt":"2025-07-16T15:16:38","guid":{"rendered":"https:\/\/dinteriors.cat\/shop\/sin%20categor\u00eda\/matalas-silver\/"},"modified":"2025-07-16T15:19:37","modified_gmt":"2025-07-16T15:19:37","slug":"colchons-silver","status":"publish","type":"product","link":"https:\/\/dinteriors.cat\/es\/shop\/mobiliario-es\/descanso-es\/colchons-silver\/","title":{"rendered":"COLCH\u00d3N SILVER"},"content":{"rendered":"<p>Colch\u00f3n de muelles ensacados y viscoelastica. Altura de 28 cm. Proteccion antibacterias, antihongos y anti\u00e1caros<\/p>\n","protected":false},"excerpt":{"rendered":"<p>Colch\u00f3n de muelles ensacados y viscoelastica. Altura de 28 cm. Proteccion antibacterias, antihongos y anti\u00e1caros<\/p>\n","protected":false},"featured_media":13502,"template":"","meta":[],"product_brand":[],"product_cat":[53],"product_tag":[],"class_list":{"0":"post-13503","1":"product","2":"type-product","3":"status-publish","4":"has-post-thumbnail","6":"product_cat-descanso-es","8":"first","9":"instock","10":"shipping-taxable","11":"product-type-simple"},"aioseo_notices":[],"_links":{"self":[{"href":"https:\/\/dinteriors.cat\/es\/wp-json\/wp\/v2\/product\/13503","targetHints":{"allow":["GET"]}}],"collection":[{"href":"https:\/\/dinteriors.cat\/es\/wp-json\/wp\/v2\/product"}],"about":[{"href":"https:\/\/dinteriors.cat\/es\/wp-json\/wp\/v2\/types\/product"}],"wp:featuredmedia":[{"embeddable":true,"href":"https:\/\/dinteriors.cat\/es\/wp-json\/wp\/v2\/media\/13502"}],"wp:attachment":[{"href":"https:\/\/dinteriors.cat\/es\/wp-json\/wp\/v2\/media?parent=13503"}],"wp:term":[{"taxonomy":"product_brand","embeddable":true,"href":"https:\/\/dinteriors.cat\/es\/wp-json\/wp\/v2\/product_brand?post=13503"},{"taxonomy":"product_cat","embeddable":true,"href":"https:\/\/dinteriors.cat\/es\/wp-json\/wp\/v2\/product_cat?post=13503"},{"taxonomy":"product_tag","embeddable":true,"href":"https:\/\/dinteriors.cat\/es\/wp-json\/wp\/v2\/product_tag?post=13503"}],"curies":[{"name":"wp","href":"https:\/\/api.w.org\/{rel}","templated":true}]}}