{"id":13493,"date":"2025-04-15T10:09:34","date_gmt":"2025-04-15T10:09:34","guid":{"rendered":"https:\/\/dinteriors.cat\/?post_type=product&#038;p=13493"},"modified":"2025-04-15T10:09:34","modified_gmt":"2025-04-15T10:09:34","slug":"nora","status":"publish","type":"product","link":"https:\/\/dinteriors.cat\/es\/shop\/dsofas-es\/sofas-es\/nora\/","title":{"rendered":"Nora"},"content":{"rendered":"<p>M\u00f3dular b\u00e1sico con dise\u00f1o atemporal. 4 tipos de brazo, y dos dise\u00f1os de chaislongue: redondo y rectangular.<\/p>\n","protected":false},"excerpt":{"rendered":"<p>M\u00f3dular b\u00e1sico con dise\u00f1o atemporal. 4 tipos de brazo, y dos dise\u00f1os de chaislongue: redondo y rectangular.<\/p>\n","protected":false},"featured_media":13494,"template":"","meta":[],"product_brand":[],"product_cat":[58,59],"product_tag":[],"class_list":{"0":"post-13493","1":"product","2":"type-product","3":"status-publish","4":"has-post-thumbnail","6":"product_cat-dsofas-es","7":"product_cat-sofas-es","9":"first","10":"instock","11":"shipping-taxable","12":"product-type-simple"},"aioseo_notices":[],"_links":{"self":[{"href":"https:\/\/dinteriors.cat\/es\/wp-json\/wp\/v2\/product\/13493","targetHints":{"allow":["GET"]}}],"collection":[{"href":"https:\/\/dinteriors.cat\/es\/wp-json\/wp\/v2\/product"}],"about":[{"href":"https:\/\/dinteriors.cat\/es\/wp-json\/wp\/v2\/types\/product"}],"wp:featuredmedia":[{"embeddable":true,"href":"https:\/\/dinteriors.cat\/es\/wp-json\/wp\/v2\/media\/13494"}],"wp:attachment":[{"href":"https:\/\/dinteriors.cat\/es\/wp-json\/wp\/v2\/media?parent=13493"}],"wp:term":[{"taxonomy":"product_brand","embeddable":true,"href":"https:\/\/dinteriors.cat\/es\/wp-json\/wp\/v2\/product_brand?post=13493"},{"taxonomy":"product_cat","embeddable":true,"href":"https:\/\/dinteriors.cat\/es\/wp-json\/wp\/v2\/product_cat?post=13493"},{"taxonomy":"product_tag","embeddable":true,"href":"https:\/\/dinteriors.cat\/es\/wp-json\/wp\/v2\/product_tag?post=13493"}],"curies":[{"name":"wp","href":"https:\/\/api.w.org\/{rel}","templated":true}]}}