{"id":13492,"date":"2025-04-15T09:53:07","date_gmt":"2025-04-15T09:53:07","guid":{"rendered":"https:\/\/dinteriors.cat\/shop\/sin%20categor\u00eda\/oasis\/"},"modified":"2025-04-15T09:55:41","modified_gmt":"2025-04-15T09:55:41","slug":"oasis","status":"publish","type":"product","link":"https:\/\/dinteriors.cat\/es\/shop\/dsofas-es\/sofas-es\/oasis\/","title":{"rendered":"Oasis"},"content":{"rendered":"<p>Modular de l\u00edneas contempor\u00e1neas. Asiento y respaldos desenfundables. M\u00f3dulos en distintas medidas.<\/p>\n","protected":false},"excerpt":{"rendered":"<p>Modular de l\u00edneas contempor\u00e1neas. Asiento y respaldos desenfundables. M\u00f3dulos en distintas medidas.<\/p>\n","protected":false},"featured_media":13491,"template":"","meta":[],"product_brand":[],"product_cat":[58,59],"product_tag":[],"class_list":{"0":"post-13492","1":"product","2":"type-product","3":"status-publish","4":"has-post-thumbnail","6":"product_cat-dsofas-es","7":"product_cat-sofas-es","9":"first","10":"instock","11":"shipping-taxable","12":"product-type-simple"},"aioseo_notices":[],"_links":{"self":[{"href":"https:\/\/dinteriors.cat\/es\/wp-json\/wp\/v2\/product\/13492","targetHints":{"allow":["GET"]}}],"collection":[{"href":"https:\/\/dinteriors.cat\/es\/wp-json\/wp\/v2\/product"}],"about":[{"href":"https:\/\/dinteriors.cat\/es\/wp-json\/wp\/v2\/types\/product"}],"wp:featuredmedia":[{"embeddable":true,"href":"https:\/\/dinteriors.cat\/es\/wp-json\/wp\/v2\/media\/13491"}],"wp:attachment":[{"href":"https:\/\/dinteriors.cat\/es\/wp-json\/wp\/v2\/media?parent=13492"}],"wp:term":[{"taxonomy":"product_brand","embeddable":true,"href":"https:\/\/dinteriors.cat\/es\/wp-json\/wp\/v2\/product_brand?post=13492"},{"taxonomy":"product_cat","embeddable":true,"href":"https:\/\/dinteriors.cat\/es\/wp-json\/wp\/v2\/product_cat?post=13492"},{"taxonomy":"product_tag","embeddable":true,"href":"https:\/\/dinteriors.cat\/es\/wp-json\/wp\/v2\/product_tag?post=13492"}],"curies":[{"name":"wp","href":"https:\/\/api.w.org\/{rel}","templated":true}]}}