{"id":13384,"date":"2024-09-24T09:24:04","date_gmt":"2024-09-24T09:24:04","guid":{"rendered":"https:\/\/dinteriors.cat\/shop\/sin%20categor\u00eda\/loto\/"},"modified":"2024-09-24T09:27:19","modified_gmt":"2024-09-24T09:27:19","slug":"loto","status":"publish","type":"product","link":"https:\/\/dinteriors.cat\/es\/shop\/dsofas-es\/sofas-es\/loto\/","title":{"rendered":"Loto"},"content":{"rendered":"<p>Sof\u00e0 de l\u00edneas rectas. Disponibilidad de gran variedad de elementos para combinar. Sof\u00e0 fijo o relax, chaislongue, chaislongue con arc\u00f3n..Cabezal abatible con diferentes posiciones. 3 medidas de brazo disponibles.<\/p>\n","protected":false},"excerpt":{"rendered":"<p>Sof\u00e0 de l\u00edneas rectas. Disponibilidad de gran variedad de elementos para combinar. Sof\u00e0 fijo o relax, chaislongue, chaislongue con arc\u00f3n..Cabezal abatible con diferentes posiciones. 3 medidas de brazo disponibles.<\/p>\n","protected":false},"featured_media":13383,"template":"","meta":[],"product_brand":[],"product_cat":[58,59],"product_tag":[],"class_list":{"0":"post-13384","1":"product","2":"type-product","3":"status-publish","4":"has-post-thumbnail","6":"product_cat-dsofas-es","7":"product_cat-sofas-es","9":"first","10":"instock","11":"shipping-taxable","12":"product-type-simple"},"aioseo_notices":[],"_links":{"self":[{"href":"https:\/\/dinteriors.cat\/es\/wp-json\/wp\/v2\/product\/13384","targetHints":{"allow":["GET"]}}],"collection":[{"href":"https:\/\/dinteriors.cat\/es\/wp-json\/wp\/v2\/product"}],"about":[{"href":"https:\/\/dinteriors.cat\/es\/wp-json\/wp\/v2\/types\/product"}],"wp:featuredmedia":[{"embeddable":true,"href":"https:\/\/dinteriors.cat\/es\/wp-json\/wp\/v2\/media\/13383"}],"wp:attachment":[{"href":"https:\/\/dinteriors.cat\/es\/wp-json\/wp\/v2\/media?parent=13384"}],"wp:term":[{"taxonomy":"product_brand","embeddable":true,"href":"https:\/\/dinteriors.cat\/es\/wp-json\/wp\/v2\/product_brand?post=13384"},{"taxonomy":"product_cat","embeddable":true,"href":"https:\/\/dinteriors.cat\/es\/wp-json\/wp\/v2\/product_cat?post=13384"},{"taxonomy":"product_tag","embeddable":true,"href":"https:\/\/dinteriors.cat\/es\/wp-json\/wp\/v2\/product_tag?post=13384"}],"curies":[{"name":"wp","href":"https:\/\/api.w.org\/{rel}","templated":true}]}}