{"id":13378,"date":"2024-09-24T08:56:13","date_gmt":"2024-09-24T08:56:13","guid":{"rendered":"https:\/\/dinteriors.cat\/shop\/sin%20categor\u00eda\/indy\/"},"modified":"2024-09-24T08:59:32","modified_gmt":"2024-09-24T08:59:32","slug":"indy","status":"publish","type":"product","link":"https:\/\/dinteriors.cat\/es\/shop\/dsofas-es\/sofas-cama-es\/indy\/","title":{"rendered":"Indy"},"content":{"rendered":"<p>Comod\u00edsimo sof\u00e1 que en un momento se convierte  en una cama de 140 x 200 cm. Sistema de respaldo motorizado que permite un uso de sof\u00e1 relax. Opci\u00f3n con o sin brazo. Todas las prestaciones en un solo m\u00f3dulo.<\/p>\n","protected":false},"excerpt":{"rendered":"<p>Comod\u00edsimo sof\u00e1 que en un momento se convierte en una cama de 140 x 200 cm. Sistema de respaldo motorizado que permite un uso de sof\u00e1 relax. Opci\u00f3n con o sin brazo. Todas las prestaciones en un solo m\u00f3dulo.<\/p>\n","protected":false},"featured_media":13377,"template":"","meta":[],"product_brand":[],"product_cat":[58,61],"product_tag":[],"class_list":{"0":"post-13378","1":"product","2":"type-product","3":"status-publish","4":"has-post-thumbnail","6":"product_cat-dsofas-es","7":"product_cat-sofas-cama-es","9":"first","10":"instock","11":"shipping-taxable","12":"product-type-simple"},"aioseo_notices":[],"_links":{"self":[{"href":"https:\/\/dinteriors.cat\/es\/wp-json\/wp\/v2\/product\/13378","targetHints":{"allow":["GET"]}}],"collection":[{"href":"https:\/\/dinteriors.cat\/es\/wp-json\/wp\/v2\/product"}],"about":[{"href":"https:\/\/dinteriors.cat\/es\/wp-json\/wp\/v2\/types\/product"}],"wp:featuredmedia":[{"embeddable":true,"href":"https:\/\/dinteriors.cat\/es\/wp-json\/wp\/v2\/media\/13377"}],"wp:attachment":[{"href":"https:\/\/dinteriors.cat\/es\/wp-json\/wp\/v2\/media?parent=13378"}],"wp:term":[{"taxonomy":"product_brand","embeddable":true,"href":"https:\/\/dinteriors.cat\/es\/wp-json\/wp\/v2\/product_brand?post=13378"},{"taxonomy":"product_cat","embeddable":true,"href":"https:\/\/dinteriors.cat\/es\/wp-json\/wp\/v2\/product_cat?post=13378"},{"taxonomy":"product_tag","embeddable":true,"href":"https:\/\/dinteriors.cat\/es\/wp-json\/wp\/v2\/product_tag?post=13378"}],"curies":[{"name":"wp","href":"https:\/\/api.w.org\/{rel}","templated":true}]}}