{"id":13372,"date":"2024-09-24T08:39:25","date_gmt":"2024-09-24T08:39:25","guid":{"rendered":"https:\/\/dinteriors.cat\/shop\/sin%20categor\u00eda\/helsinki\/"},"modified":"2024-09-24T08:44:22","modified_gmt":"2024-09-24T08:44:22","slug":"helsinki","status":"publish","type":"product","link":"https:\/\/dinteriors.cat\/es\/shop\/dsofas-es\/sofas-es\/helsinki\/","title":{"rendered":"Helsinki"},"content":{"rendered":"<p>Sof\u00e1 de formas ligeras, decorado con coj\u00ednes que permiten  una gran combinaci\u00f3n de tejidos y colores. Patas de estilo n\u00f3rdico y brazos curvos. Ahora tambi\u00e9n opci\u00f3n sof\u00e1 cama.<\/p>\n","protected":false},"excerpt":{"rendered":"<p>Sof\u00e1 de formas ligeras, decorado con coj\u00ednes que permiten una gran combinaci\u00f3n de tejidos y colores. Patas de estilo n\u00f3rdico y brazos curvos. Ahora tambi\u00e9n opci\u00f3n sof\u00e1 cama.<\/p>\n","protected":false},"featured_media":13371,"template":"","meta":[],"product_brand":[],"product_cat":[58,59],"product_tag":[],"class_list":{"0":"post-13372","1":"product","2":"type-product","3":"status-publish","4":"has-post-thumbnail","6":"product_cat-dsofas-es","7":"product_cat-sofas-es","9":"first","10":"instock","11":"shipping-taxable","12":"product-type-simple"},"aioseo_notices":[],"_links":{"self":[{"href":"https:\/\/dinteriors.cat\/es\/wp-json\/wp\/v2\/product\/13372","targetHints":{"allow":["GET"]}}],"collection":[{"href":"https:\/\/dinteriors.cat\/es\/wp-json\/wp\/v2\/product"}],"about":[{"href":"https:\/\/dinteriors.cat\/es\/wp-json\/wp\/v2\/types\/product"}],"wp:featuredmedia":[{"embeddable":true,"href":"https:\/\/dinteriors.cat\/es\/wp-json\/wp\/v2\/media\/13371"}],"wp:attachment":[{"href":"https:\/\/dinteriors.cat\/es\/wp-json\/wp\/v2\/media?parent=13372"}],"wp:term":[{"taxonomy":"product_brand","embeddable":true,"href":"https:\/\/dinteriors.cat\/es\/wp-json\/wp\/v2\/product_brand?post=13372"},{"taxonomy":"product_cat","embeddable":true,"href":"https:\/\/dinteriors.cat\/es\/wp-json\/wp\/v2\/product_cat?post=13372"},{"taxonomy":"product_tag","embeddable":true,"href":"https:\/\/dinteriors.cat\/es\/wp-json\/wp\/v2\/product_tag?post=13372"}],"curies":[{"name":"wp","href":"https:\/\/api.w.org\/{rel}","templated":true}]}}