{"id":13335,"date":"2024-08-13T10:59:19","date_gmt":"2024-08-13T10:59:19","guid":{"rendered":"https:\/\/dinteriors.cat\/shop\/sin%20categor\u00eda\/composicio-012-zgs\/"},"modified":"2024-08-13T11:05:41","modified_gmt":"2024-08-13T11:05:41","slug":"composicion-012-zgs","status":"publish","type":"product","link":"https:\/\/dinteriors.cat\/es\/shop\/mobiliario-es\/matrimonio-es\/composicion-012-zgs\/","title":{"rendered":"Composici\u00f3n 12 Zgs"},"content":{"rendered":"<p>Habitaci\u00f3n de matrimonio con decoraci\u00f3n tapizada en el  cabezal y  madera de roble macizo. Espacios contemporaneos  Everest<\/p>\n","protected":false},"excerpt":{"rendered":"<p>Habitaci\u00f3n de matrimonio con decoraci\u00f3n tapizada en el cabezal y madera de roble macizo. Espacios contemporaneos Everest<\/p>\n","protected":false},"featured_media":13334,"template":"","meta":[],"product_brand":[],"product_cat":[55],"product_tag":[],"class_list":{"0":"post-13335","1":"product","2":"type-product","3":"status-publish","4":"has-post-thumbnail","6":"product_cat-matrimonio-es","8":"first","9":"instock","10":"shipping-taxable","11":"product-type-simple"},"aioseo_notices":[],"_links":{"self":[{"href":"https:\/\/dinteriors.cat\/es\/wp-json\/wp\/v2\/product\/13335","targetHints":{"allow":["GET"]}}],"collection":[{"href":"https:\/\/dinteriors.cat\/es\/wp-json\/wp\/v2\/product"}],"about":[{"href":"https:\/\/dinteriors.cat\/es\/wp-json\/wp\/v2\/types\/product"}],"wp:featuredmedia":[{"embeddable":true,"href":"https:\/\/dinteriors.cat\/es\/wp-json\/wp\/v2\/media\/13334"}],"wp:attachment":[{"href":"https:\/\/dinteriors.cat\/es\/wp-json\/wp\/v2\/media?parent=13335"}],"wp:term":[{"taxonomy":"product_brand","embeddable":true,"href":"https:\/\/dinteriors.cat\/es\/wp-json\/wp\/v2\/product_brand?post=13335"},{"taxonomy":"product_cat","embeddable":true,"href":"https:\/\/dinteriors.cat\/es\/wp-json\/wp\/v2\/product_cat?post=13335"},{"taxonomy":"product_tag","embeddable":true,"href":"https:\/\/dinteriors.cat\/es\/wp-json\/wp\/v2\/product_tag?post=13335"}],"curies":[{"name":"wp","href":"https:\/\/api.w.org\/{rel}","templated":true}]}}