{"id":13272,"date":"2024-03-07T18:10:37","date_gmt":"2024-03-07T18:10:37","guid":{"rendered":"https:\/\/dinteriors.cat\/shop\/sin%20categor\u00eda\/composicio-01-r-amber\/"},"modified":"2024-03-07T18:12:46","modified_gmt":"2024-03-07T18:12:46","slug":"composicion-01-r-amber","status":"publish","type":"product","link":"https:\/\/dinteriors.cat\/es\/shop\/mobiliario-es\/salones-es\/composicion-01-r-amber\/","title":{"rendered":"Composici\u00f3n 01 R.amber"},"content":{"rendered":"<p>Mesa con sobre cer\u00e1mico. Dise\u00f1o atemporal.<\/p>\n","protected":false},"excerpt":{"rendered":"<p>Mesa con sobre cer\u00e1mico. Dise\u00f1o atemporal.<\/p>\n","protected":false},"featured_media":13271,"template":"","meta":[],"product_brand":[],"product_cat":[54,56],"product_tag":[],"class_list":{"0":"post-13272","1":"product","2":"type-product","3":"status-publish","4":"has-post-thumbnail","6":"product_cat-mobiliario-es","7":"product_cat-salones-es","9":"first","10":"instock","11":"shipping-taxable","12":"product-type-simple"},"aioseo_notices":[],"_links":{"self":[{"href":"https:\/\/dinteriors.cat\/es\/wp-json\/wp\/v2\/product\/13272","targetHints":{"allow":["GET"]}}],"collection":[{"href":"https:\/\/dinteriors.cat\/es\/wp-json\/wp\/v2\/product"}],"about":[{"href":"https:\/\/dinteriors.cat\/es\/wp-json\/wp\/v2\/types\/product"}],"wp:featuredmedia":[{"embeddable":true,"href":"https:\/\/dinteriors.cat\/es\/wp-json\/wp\/v2\/media\/13271"}],"wp:attachment":[{"href":"https:\/\/dinteriors.cat\/es\/wp-json\/wp\/v2\/media?parent=13272"}],"wp:term":[{"taxonomy":"product_brand","embeddable":true,"href":"https:\/\/dinteriors.cat\/es\/wp-json\/wp\/v2\/product_brand?post=13272"},{"taxonomy":"product_cat","embeddable":true,"href":"https:\/\/dinteriors.cat\/es\/wp-json\/wp\/v2\/product_cat?post=13272"},{"taxonomy":"product_tag","embeddable":true,"href":"https:\/\/dinteriors.cat\/es\/wp-json\/wp\/v2\/product_tag?post=13272"}],"curies":[{"name":"wp","href":"https:\/\/api.w.org\/{rel}","templated":true}]}}