{"id":13240,"date":"2024-01-25T10:57:11","date_gmt":"2024-01-25T10:57:11","guid":{"rendered":"https:\/\/dinteriors.cat\/shop\/sin%20categor\u00eda\/composicio-07-bf\/"},"modified":"2024-01-25T10:58:47","modified_gmt":"2024-01-25T10:58:47","slug":"composicion-07-bf","status":"publish","type":"product","link":"https:\/\/dinteriors.cat\/es\/shop\/mobiliario-es\/matrimonio-es\/composicion-07-bf\/","title":{"rendered":"Composici\u00f3n 07 Bf"},"content":{"rendered":"<p>Cabezal con box de 15 cm y m\u00f3dulo di\u00e1fano integrados. Mesita lacada.<\/p>\n","protected":false},"excerpt":{"rendered":"<p>Cabezal con box de 15 cm y m\u00f3dulo di\u00e1fano integrados. Mesita lacada.<\/p>\n","protected":false},"featured_media":13239,"template":"","meta":[],"product_brand":[],"product_cat":[55],"product_tag":[],"class_list":{"0":"post-13240","1":"product","2":"type-product","3":"status-publish","4":"has-post-thumbnail","6":"product_cat-matrimonio-es","8":"first","9":"instock","10":"shipping-taxable","11":"product-type-simple"},"aioseo_notices":[],"_links":{"self":[{"href":"https:\/\/dinteriors.cat\/es\/wp-json\/wp\/v2\/product\/13240","targetHints":{"allow":["GET"]}}],"collection":[{"href":"https:\/\/dinteriors.cat\/es\/wp-json\/wp\/v2\/product"}],"about":[{"href":"https:\/\/dinteriors.cat\/es\/wp-json\/wp\/v2\/types\/product"}],"wp:featuredmedia":[{"embeddable":true,"href":"https:\/\/dinteriors.cat\/es\/wp-json\/wp\/v2\/media\/13239"}],"wp:attachment":[{"href":"https:\/\/dinteriors.cat\/es\/wp-json\/wp\/v2\/media?parent=13240"}],"wp:term":[{"taxonomy":"product_brand","embeddable":true,"href":"https:\/\/dinteriors.cat\/es\/wp-json\/wp\/v2\/product_brand?post=13240"},{"taxonomy":"product_cat","embeddable":true,"href":"https:\/\/dinteriors.cat\/es\/wp-json\/wp\/v2\/product_cat?post=13240"},{"taxonomy":"product_tag","embeddable":true,"href":"https:\/\/dinteriors.cat\/es\/wp-json\/wp\/v2\/product_tag?post=13240"}],"curies":[{"name":"wp","href":"https:\/\/api.w.org\/{rel}","templated":true}]}}