{"id":13185,"date":"2024-01-11T16:57:58","date_gmt":"2024-01-11T16:57:58","guid":{"rendered":"https:\/\/dinteriors.cat\/shop\/sin%20categor\u00eda\/boston\/"},"modified":"2024-01-11T17:00:12","modified_gmt":"2024-01-11T17:00:12","slug":"boston","status":"publish","type":"product","link":"https:\/\/dinteriors.cat\/es\/shop\/dsofas-es\/sofas-cama-es\/boston\/","title":{"rendered":"Boston"},"content":{"rendered":"<p>Sof\u00e1 cama con apertura de rotaci\u00f3n. 2 medidas de brazo. Colch\u00f3n de 90,120,140 y 160 x 190 cm. Asiento y respaldo desenfundables<\/p>\n","protected":false},"excerpt":{"rendered":"<p>Sof\u00e1 cama con apertura de rotaci\u00f3n. 2 medidas de brazo. Colch\u00f3n de 90,120,140 y 160 x 190 cm. Asiento y respaldo desenfundables<\/p>\n","protected":false},"featured_media":13184,"template":"","meta":[],"product_brand":[],"product_cat":[61],"product_tag":[],"class_list":{"0":"post-13185","1":"product","2":"type-product","3":"status-publish","4":"has-post-thumbnail","6":"product_cat-sofas-cama-es","8":"first","9":"instock","10":"shipping-taxable","11":"product-type-simple"},"aioseo_notices":[],"_links":{"self":[{"href":"https:\/\/dinteriors.cat\/es\/wp-json\/wp\/v2\/product\/13185","targetHints":{"allow":["GET"]}}],"collection":[{"href":"https:\/\/dinteriors.cat\/es\/wp-json\/wp\/v2\/product"}],"about":[{"href":"https:\/\/dinteriors.cat\/es\/wp-json\/wp\/v2\/types\/product"}],"wp:featuredmedia":[{"embeddable":true,"href":"https:\/\/dinteriors.cat\/es\/wp-json\/wp\/v2\/media\/13184"}],"wp:attachment":[{"href":"https:\/\/dinteriors.cat\/es\/wp-json\/wp\/v2\/media?parent=13185"}],"wp:term":[{"taxonomy":"product_brand","embeddable":true,"href":"https:\/\/dinteriors.cat\/es\/wp-json\/wp\/v2\/product_brand?post=13185"},{"taxonomy":"product_cat","embeddable":true,"href":"https:\/\/dinteriors.cat\/es\/wp-json\/wp\/v2\/product_cat?post=13185"},{"taxonomy":"product_tag","embeddable":true,"href":"https:\/\/dinteriors.cat\/es\/wp-json\/wp\/v2\/product_tag?post=13185"}],"curies":[{"name":"wp","href":"https:\/\/api.w.org\/{rel}","templated":true}]}}