{"id":13072,"date":"2023-12-28T17:40:34","date_gmt":"2023-12-28T17:40:34","guid":{"rendered":"https:\/\/dinteriors.cat\/shop\/sin%20categor\u00eda\/colvy\/"},"modified":"2024-08-14T10:37:22","modified_gmt":"2024-08-14T10:37:22","slug":"colchoncolvy","status":"publish","type":"product","link":"https:\/\/dinteriors.cat\/es\/shop\/mobiliario-es\/descanso-es\/colchoncolvy\/","title":{"rendered":"COLCH\u00d3N COLVY"},"content":{"rendered":"<p>Colch\u00f3n de muelles ensacados y viscoel\u00e1stica de soja natural.<\/p>\n","protected":false},"excerpt":{"rendered":"<p>Colch\u00f3n de muelles ensacados y viscoel\u00e1stica de soja natural.<\/p>\n","protected":false},"featured_media":13071,"template":"","meta":[],"product_brand":[],"product_cat":[53,54],"product_tag":[],"class_list":{"0":"post-13072","1":"product","2":"type-product","3":"status-publish","4":"has-post-thumbnail","6":"product_cat-descanso-es","7":"product_cat-mobiliario-es","9":"first","10":"instock","11":"shipping-taxable","12":"product-type-simple"},"aioseo_notices":[],"_links":{"self":[{"href":"https:\/\/dinteriors.cat\/es\/wp-json\/wp\/v2\/product\/13072","targetHints":{"allow":["GET"]}}],"collection":[{"href":"https:\/\/dinteriors.cat\/es\/wp-json\/wp\/v2\/product"}],"about":[{"href":"https:\/\/dinteriors.cat\/es\/wp-json\/wp\/v2\/types\/product"}],"wp:featuredmedia":[{"embeddable":true,"href":"https:\/\/dinteriors.cat\/es\/wp-json\/wp\/v2\/media\/13071"}],"wp:attachment":[{"href":"https:\/\/dinteriors.cat\/es\/wp-json\/wp\/v2\/media?parent=13072"}],"wp:term":[{"taxonomy":"product_brand","embeddable":true,"href":"https:\/\/dinteriors.cat\/es\/wp-json\/wp\/v2\/product_brand?post=13072"},{"taxonomy":"product_cat","embeddable":true,"href":"https:\/\/dinteriors.cat\/es\/wp-json\/wp\/v2\/product_cat?post=13072"},{"taxonomy":"product_tag","embeddable":true,"href":"https:\/\/dinteriors.cat\/es\/wp-json\/wp\/v2\/product_tag?post=13072"}],"curies":[{"name":"wp","href":"https:\/\/api.w.org\/{rel}","templated":true}]}}