{"id":13068,"date":"2023-12-28T17:21:37","date_gmt":"2023-12-28T17:21:37","guid":{"rendered":"https:\/\/dinteriors.cat\/shop\/sin%20categor\u00eda\/natural\/"},"modified":"2024-08-14T10:44:13","modified_gmt":"2024-08-14T10:44:13","slug":"colchonnatural","status":"publish","type":"product","link":"https:\/\/dinteriors.cat\/es\/shop\/mobiliario-es\/descanso-es\/colchonnatural\/","title":{"rendered":"COLCH\u00d3N NATURAL"},"content":{"rendered":"<p>Coloch\u00f3n de l\u00e1tex 100% natural. 7 zonas de confort.<\/p>\n","protected":false},"excerpt":{"rendered":"<p>Coloch\u00f3n de l\u00e1tex 100% natural. 7 zonas de confort.<\/p>\n","protected":false},"featured_media":13067,"template":"","meta":[],"product_brand":[],"product_cat":[53,54],"product_tag":[],"class_list":{"0":"post-13068","1":"product","2":"type-product","3":"status-publish","4":"has-post-thumbnail","6":"product_cat-descanso-es","7":"product_cat-mobiliario-es","9":"first","10":"instock","11":"shipping-taxable","12":"product-type-simple"},"aioseo_notices":[],"_links":{"self":[{"href":"https:\/\/dinteriors.cat\/es\/wp-json\/wp\/v2\/product\/13068","targetHints":{"allow":["GET"]}}],"collection":[{"href":"https:\/\/dinteriors.cat\/es\/wp-json\/wp\/v2\/product"}],"about":[{"href":"https:\/\/dinteriors.cat\/es\/wp-json\/wp\/v2\/types\/product"}],"wp:featuredmedia":[{"embeddable":true,"href":"https:\/\/dinteriors.cat\/es\/wp-json\/wp\/v2\/media\/13067"}],"wp:attachment":[{"href":"https:\/\/dinteriors.cat\/es\/wp-json\/wp\/v2\/media?parent=13068"}],"wp:term":[{"taxonomy":"product_brand","embeddable":true,"href":"https:\/\/dinteriors.cat\/es\/wp-json\/wp\/v2\/product_brand?post=13068"},{"taxonomy":"product_cat","embeddable":true,"href":"https:\/\/dinteriors.cat\/es\/wp-json\/wp\/v2\/product_cat?post=13068"},{"taxonomy":"product_tag","embeddable":true,"href":"https:\/\/dinteriors.cat\/es\/wp-json\/wp\/v2\/product_tag?post=13068"}],"curies":[{"name":"wp","href":"https:\/\/api.w.org\/{rel}","templated":true}]}}