{"id":13060,"date":"2023-12-28T17:13:23","date_gmt":"2023-12-28T17:13:23","guid":{"rendered":"https:\/\/dinteriors.cat\/shop\/sin%20categor\u00eda\/quercus\/"},"modified":"2024-08-14T10:46:49","modified_gmt":"2024-08-14T10:46:49","slug":"colchonnatuaralquercus","status":"publish","type":"product","link":"https:\/\/dinteriors.cat\/es\/shop\/mobiliario-es\/descanso-es\/colchonnatuaralquercus\/","title":{"rendered":"COLCH\u00d3N NATURAL QUERCUS"},"content":{"rendered":"<p>Colch\u00f3n de muelles ensacados con una selecci\u00f3n de fibras 100% naturales y ecol\u00f3gicas.<\/p>\n","protected":false},"excerpt":{"rendered":"<p>Colch\u00f3n de muelles ensacados con una selecci\u00f3n de fibras 100% naturales y ecol\u00f3gicas.<\/p>\n","protected":false},"featured_media":13059,"template":"","meta":[],"product_brand":[],"product_cat":[53,54],"product_tag":[],"class_list":{"0":"post-13060","1":"product","2":"type-product","3":"status-publish","4":"has-post-thumbnail","6":"product_cat-descanso-es","7":"product_cat-mobiliario-es","9":"first","10":"instock","11":"shipping-taxable","12":"product-type-simple"},"aioseo_notices":[],"_links":{"self":[{"href":"https:\/\/dinteriors.cat\/es\/wp-json\/wp\/v2\/product\/13060","targetHints":{"allow":["GET"]}}],"collection":[{"href":"https:\/\/dinteriors.cat\/es\/wp-json\/wp\/v2\/product"}],"about":[{"href":"https:\/\/dinteriors.cat\/es\/wp-json\/wp\/v2\/types\/product"}],"wp:featuredmedia":[{"embeddable":true,"href":"https:\/\/dinteriors.cat\/es\/wp-json\/wp\/v2\/media\/13059"}],"wp:attachment":[{"href":"https:\/\/dinteriors.cat\/es\/wp-json\/wp\/v2\/media?parent=13060"}],"wp:term":[{"taxonomy":"product_brand","embeddable":true,"href":"https:\/\/dinteriors.cat\/es\/wp-json\/wp\/v2\/product_brand?post=13060"},{"taxonomy":"product_cat","embeddable":true,"href":"https:\/\/dinteriors.cat\/es\/wp-json\/wp\/v2\/product_cat?post=13060"},{"taxonomy":"product_tag","embeddable":true,"href":"https:\/\/dinteriors.cat\/es\/wp-json\/wp\/v2\/product_tag?post=13060"}],"curies":[{"name":"wp","href":"https:\/\/api.w.org\/{rel}","templated":true}]}}