{"id":12970,"date":"2023-12-19T09:37:14","date_gmt":"2023-12-19T09:37:14","guid":{"rendered":"https:\/\/dinteriors.cat\/?post_type=product&#038;p=12970"},"modified":"2023-12-19T09:39:15","modified_gmt":"2023-12-19T09:39:15","slug":"hermes","status":"publish","type":"product","link":"https:\/\/dinteriors.cat\/es\/shop\/dsofas-es\/sofas-cama-es\/hermes\/","title":{"rendered":"Hermes"},"content":{"rendered":"<p>Sof\u00e1 cama con apertura italiana. 8 tipos de brazos diferentes. Opci\u00f3n 1, 3 o 4 plazas. Colch\u00f3n de 80, 140 y 160 cm x 195.<\/p>\n","protected":false},"excerpt":{"rendered":"<p>Sof\u00e1 cama con apertura italiana. 8 tipos de brazos diferentes. Opci\u00f3n 1, 3 o 4 plazas. Colch\u00f3n de 80, 140 y 160 cm x 195.<\/p>\n","protected":false},"featured_media":12969,"template":"","meta":[],"product_brand":[],"product_cat":[58,61],"product_tag":[],"class_list":{"0":"post-12970","1":"product","2":"type-product","3":"status-publish","4":"has-post-thumbnail","6":"product_cat-dsofas-es","7":"product_cat-sofas-cama-es","9":"first","10":"instock","11":"shipping-taxable","12":"product-type-simple"},"aioseo_notices":[],"_links":{"self":[{"href":"https:\/\/dinteriors.cat\/es\/wp-json\/wp\/v2\/product\/12970","targetHints":{"allow":["GET"]}}],"collection":[{"href":"https:\/\/dinteriors.cat\/es\/wp-json\/wp\/v2\/product"}],"about":[{"href":"https:\/\/dinteriors.cat\/es\/wp-json\/wp\/v2\/types\/product"}],"wp:featuredmedia":[{"embeddable":true,"href":"https:\/\/dinteriors.cat\/es\/wp-json\/wp\/v2\/media\/12969"}],"wp:attachment":[{"href":"https:\/\/dinteriors.cat\/es\/wp-json\/wp\/v2\/media?parent=12970"}],"wp:term":[{"taxonomy":"product_brand","embeddable":true,"href":"https:\/\/dinteriors.cat\/es\/wp-json\/wp\/v2\/product_brand?post=12970"},{"taxonomy":"product_cat","embeddable":true,"href":"https:\/\/dinteriors.cat\/es\/wp-json\/wp\/v2\/product_cat?post=12970"},{"taxonomy":"product_tag","embeddable":true,"href":"https:\/\/dinteriors.cat\/es\/wp-json\/wp\/v2\/product_tag?post=12970"}],"curies":[{"name":"wp","href":"https:\/\/api.w.org\/{rel}","templated":true}]}}