{"id":12941,"date":"2023-12-15T17:09:06","date_gmt":"2023-12-15T17:09:06","guid":{"rendered":"https:\/\/dinteriors.cat\/?post_type=product&#038;p=12941"},"modified":"2023-12-15T17:12:25","modified_gmt":"2023-12-15T17:12:25","slug":"lenny","status":"publish","type":"product","link":"https:\/\/dinteriors.cat\/es\/shop\/dsofas-es\/butacas-es\/lenny\/","title":{"rendered":"Lenny"},"content":{"rendered":"<p>Sill\u00f3n con\u00a0 base giratoria y balanc\u00edn. Opci\u00f3n sill\u00f3n relax con\u00a0 motor.<\/p>\n","protected":false},"excerpt":{"rendered":"<p>Sill\u00f3n con\u00a0 base giratoria y balanc\u00edn. Opci\u00f3n sill\u00f3n relax con\u00a0 motor.<\/p>\n","protected":false},"featured_media":12942,"template":"","meta":[],"product_brand":[],"product_cat":[62,58],"product_tag":[],"class_list":{"0":"post-12941","1":"product","2":"type-product","3":"status-publish","4":"has-post-thumbnail","6":"product_cat-butacas-es","7":"product_cat-dsofas-es","9":"first","10":"instock","11":"shipping-taxable","12":"product-type-simple"},"aioseo_notices":[],"_links":{"self":[{"href":"https:\/\/dinteriors.cat\/es\/wp-json\/wp\/v2\/product\/12941","targetHints":{"allow":["GET"]}}],"collection":[{"href":"https:\/\/dinteriors.cat\/es\/wp-json\/wp\/v2\/product"}],"about":[{"href":"https:\/\/dinteriors.cat\/es\/wp-json\/wp\/v2\/types\/product"}],"wp:featuredmedia":[{"embeddable":true,"href":"https:\/\/dinteriors.cat\/es\/wp-json\/wp\/v2\/media\/12942"}],"wp:attachment":[{"href":"https:\/\/dinteriors.cat\/es\/wp-json\/wp\/v2\/media?parent=12941"}],"wp:term":[{"taxonomy":"product_brand","embeddable":true,"href":"https:\/\/dinteriors.cat\/es\/wp-json\/wp\/v2\/product_brand?post=12941"},{"taxonomy":"product_cat","embeddable":true,"href":"https:\/\/dinteriors.cat\/es\/wp-json\/wp\/v2\/product_cat?post=12941"},{"taxonomy":"product_tag","embeddable":true,"href":"https:\/\/dinteriors.cat\/es\/wp-json\/wp\/v2\/product_tag?post=12941"}],"curies":[{"name":"wp","href":"https:\/\/api.w.org\/{rel}","templated":true}]}}