{"id":12940,"date":"2023-12-15T16:54:26","date_gmt":"2023-12-15T16:54:26","guid":{"rendered":"https:\/\/dinteriors.cat\/?post_type=product&#038;p=12940"},"modified":"2023-12-15T16:54:26","modified_gmt":"2023-12-15T16:54:26","slug":"axel","status":"publish","type":"product","link":"https:\/\/dinteriors.cat\/es\/shop\/dsofas-es\/sofas-es\/axel\/","title":{"rendered":"Axel"},"content":{"rendered":"<p>Opci\u00f3n sof\u00e1 fijo o relax con motor. M\u00f3dulos de diferentes medidas. 4 opciones de brazos diferentes<\/p>\n","protected":false},"excerpt":{"rendered":"<p>Opci\u00f3n sof\u00e1 fijo o relax con motor. M\u00f3dulos de diferentes medidas. 4 opciones de brazos diferentes<\/p>\n","protected":false},"featured_media":12938,"template":"","meta":[],"product_brand":[],"product_cat":[58,59],"product_tag":[],"class_list":{"0":"post-12940","1":"product","2":"type-product","3":"status-publish","4":"has-post-thumbnail","6":"product_cat-dsofas-es","7":"product_cat-sofas-es","9":"first","10":"instock","11":"shipping-taxable","12":"product-type-simple"},"aioseo_notices":[],"_links":{"self":[{"href":"https:\/\/dinteriors.cat\/es\/wp-json\/wp\/v2\/product\/12940","targetHints":{"allow":["GET"]}}],"collection":[{"href":"https:\/\/dinteriors.cat\/es\/wp-json\/wp\/v2\/product"}],"about":[{"href":"https:\/\/dinteriors.cat\/es\/wp-json\/wp\/v2\/types\/product"}],"wp:featuredmedia":[{"embeddable":true,"href":"https:\/\/dinteriors.cat\/es\/wp-json\/wp\/v2\/media\/12938"}],"wp:attachment":[{"href":"https:\/\/dinteriors.cat\/es\/wp-json\/wp\/v2\/media?parent=12940"}],"wp:term":[{"taxonomy":"product_brand","embeddable":true,"href":"https:\/\/dinteriors.cat\/es\/wp-json\/wp\/v2\/product_brand?post=12940"},{"taxonomy":"product_cat","embeddable":true,"href":"https:\/\/dinteriors.cat\/es\/wp-json\/wp\/v2\/product_cat?post=12940"},{"taxonomy":"product_tag","embeddable":true,"href":"https:\/\/dinteriors.cat\/es\/wp-json\/wp\/v2\/product_tag?post=12940"}],"curies":[{"name":"wp","href":"https:\/\/api.w.org\/{rel}","templated":true}]}}