{"id":12821,"date":"2023-10-17T10:21:25","date_gmt":"2023-10-17T10:21:25","guid":{"rendered":"https:\/\/dinteriors.cat\/declaracio-daccessibilitat\/"},"modified":"2023-11-17T13:53:11","modified_gmt":"2023-11-17T13:53:11","slug":"declaracio-daccessibilitat","status":"publish","type":"page","link":"https:\/\/dinteriors.cat\/es\/declaracio-daccessibilitat\/","title":{"rendered":"Declaraci\u00f3n de accesibilidad"},"content":{"rendered":"\n<p>Servicios de Internet Javajan SL,&nbsp; se ha comprometido a hacer accesibles sus sitios web, en conformidad con el&nbsp; Real Decreto 1112\/2018, del 7 de septiembre, sobre accesibilidad de los sitios web y aplicaciones para dispositivos m\u00f3viles, por la cual se trasposa al ordenamiento jur\u00eddico espa\u00f1ol la Directiva (UE) 2016\/2102 del Parlamento Europeo y del Consejo.<\/p>\n\n\n\n<p>La presente declaraci\u00f3n de accesibilidad se aplica en el web https:\/\/www.dinteriors.cat<\/p>\n\n\n\n<p><strong>Situaci\u00f3n de cumplimiento<\/strong><\/p>\n\n\n\n<p>Este sitio web es parcialmente &nbsp;conformo con el RD 1112\/2018 a causa de las excepciones y de la carencia de conformidad de los aspectos que se indican a continuaci\u00f3n.<\/p>\n\n\n\n<h2 class=\"wp-block-heading\">Contenido no accesible<\/h2>\n\n\n\n<p>El contenido que se recoge a continuaci\u00f3n no es accesible por el siguiente:<\/p>\n\n\n\n<ol class=\"wp-block-list\">\n<li>Falta en conformidad con el RD 1112\/2018A causa de la automatizaci\u00f3n de algunas de las publicaciones podr\u00edan existir p\u00e1ginas con un incorrecto nidamiento de etiquetas HTML. Hay documentos en formato PDF que no cumplen con la normativa. Podr\u00edan haber errores puntuales de edici\u00f3n en alguna p\u00e1gina web.<\/li>\n\n\n\n<li><strong>Carga desproporcionada<\/strong>\n<ul class=\"wp-block-list\">\n<li>No aplica.<\/li>\n<\/ul>\n<\/li>\n\n\n\n<li>Contenido que no entra dentro del \u00e1mbito de la legislaci\u00f3n aplicable. Ficheros ofim\u00e1ticos en PDF u otros formatos, as\u00ed como aplicaciones publicadas antes del 20 de septiembre de 2018 que no cumplan totalmente todos los requisitos de accesibilidad. Contenidos multimedia en directo. Contenido multimedia pregrabado publicado antes de la entrada en vigor del Real Decreto. Servicios de mapa en l\u00ednea.<\/li>\n<\/ol>\n\n\n\n<p><strong>Preparaci\u00f3n de esta declaraci\u00f3n de accesibilidad<\/strong><\/p>\n\n\n\n<p>Esta declaraci\u00f3n fue preparada el 24 de mayo de 2023 y est\u00e1 basada en los informes de accesibilidad web del Observatorio de Accesibilidad.<\/p>\n\n\n\n<p>La fecha de la \u00faltima revisi\u00f3n ha sido el 10 de octubre de 2023.<\/p>\n\n\n\n<p><strong>Observaciones y datos de contacto<\/strong><\/p>\n\n\n\n<p>Pod\u00e9is realizar comunicaciones sobre requisitos de accesibilidad (art\u00edculo 10.2 del RD 1112\/2018) como por ejemplo:<\/p>\n\n\n\n<p>informar sobre cualquiera posible incumplimiento por parte de este sitio web<\/p>\n\n\n\n<p>transmitir otras dificultades de acceso al contenido<\/p>\n\n\n\n<p>formular cualquier otro consulta o sugerencia de mejora relativa a la accesibilidad del sitio web.<\/p>\n\n\n\n<p>a trav\u00e9s del correo electr\u00f3nico info@javajan.com indicando en el asunto el nombre de la p\u00e1gina.<\/p>\n\n\n\n<h2 class=\"wp-block-heading\">Contenido opcional<\/h2>\n\n\n\n<p>Este sitio web:<\/p>\n\n\n\n<ul class=\"wp-block-list\">\n<li>Se ha dise\u00f1ado adapt\u00e1ndose a los est\u00e1ndares y normativas vigentes en relaci\u00f3n con la accesibilidad, cumpliendo con los puntos de verificaci\u00f3n de prioridad 2 (AA) definidos a la especificaci\u00f3n de Pautas de Accesibilidad al Contenido en la Web (WCAG 2.1).<\/li>\n\n\n\n<li>Cumple los requisitos de la Norma UNE-EN 301549 v1.1.2:2015, considerando las excepciones del Real Decreto 1112\/2018.<\/li>\n\n\n\n<li>Est\u00e1 dise\u00f1ado para su correcta visualizaci\u00f3n en dispositivos de escritorio, tablet y m\u00f3viles para una resoluci\u00f3n m\u00ednima de 1280&#215;1024.<\/li>\n\n\n\n<li>Se ha realizado utilizando HTML5 como lenguaje de marcaje y hojas de estilo CSS 3 por el dise\u00f1o.<\/li>\n<\/ul>\n","protected":false},"excerpt":{"rendered":"<p>Servicios de Internet Javajan SL,&nbsp; se ha comprometido a hacer accesibles sus sitios web, en conformidad con el&nbsp; Real Decreto 1112\/2018, del 7 de septiembre, sobre accesibilidad de los sitios web y aplicaciones para dispositivos m\u00f3viles, por la cual se trasposa al ordenamiento jur\u00eddico espa\u00f1ol la Directiva (UE) 2016\/2102 del Parlamento Europeo y del Consejo. [&hellip;]<\/p>\n","protected":false},"author":1,"featured_media":0,"parent":0,"menu_order":0,"comment_status":"closed","ping_status":"closed","template":"","meta":{"footnotes":""},"class_list":["post-12821","page","type-page","status-publish","hentry"],"aioseo_notices":[],"_links":{"self":[{"href":"https:\/\/dinteriors.cat\/es\/wp-json\/wp\/v2\/pages\/12821","targetHints":{"allow":["GET"]}}],"collection":[{"href":"https:\/\/dinteriors.cat\/es\/wp-json\/wp\/v2\/pages"}],"about":[{"href":"https:\/\/dinteriors.cat\/es\/wp-json\/wp\/v2\/types\/page"}],"author":[{"embeddable":true,"href":"https:\/\/dinteriors.cat\/es\/wp-json\/wp\/v2\/users\/1"}],"replies":[{"embeddable":true,"href":"https:\/\/dinteriors.cat\/es\/wp-json\/wp\/v2\/comments?post=12821"}],"version-history":[{"count":1,"href":"https:\/\/dinteriors.cat\/es\/wp-json\/wp\/v2\/pages\/12821\/revisions"}],"predecessor-version":[{"id":12827,"href":"https:\/\/dinteriors.cat\/es\/wp-json\/wp\/v2\/pages\/12821\/revisions\/12827"}],"wp:attachment":[{"href":"https:\/\/dinteriors.cat\/es\/wp-json\/wp\/v2\/media?parent=12821"}],"curies":[{"name":"wp","href":"https:\/\/api.w.org\/{rel}","templated":true}]}}